{"id":869,"date":"2023-11-24T19:55:22","date_gmt":"2023-11-24T19:55:22","guid":{"rendered":"https:\/\/portalceibal.boronstudio.com\/?page_id=869"},"modified":"2023-11-24T19:56:47","modified_gmt":"2023-11-24T19:56:47","slug":"test-2","status":"publish","type":"page","link":"https:\/\/portalceibal.boronstudio.com\/index.php\/test-2\/","title":{"rendered":"Test"},"content":{"rendered":"\n<div class=\"wp-block-getwid-accordion has-icon-left\" data-active-element=\"none\">\n<div class=\"wp-block-getwid-accordion__header-wrapper\"><span class=\"wp-block-getwid-accordion__header\"><a href=\"#\"><span class=\"wp-block-getwid-accordion__header-title\">\u00bfD\u00f3nde consultar por mis beneficios de entrega y recambio?<\/span><span class=\"wp-block-getwid-accordion__icon is-active\"><i class=\"fas fa-plus\"><\/i><\/span><span class=\"wp-block-getwid-accordion__icon is-passive\"><i class=\"fas fa-minus\"><\/i><\/span><\/a><\/span><\/div><div class=\"wp-block-getwid-accordion__content-wrapper\"><div class=\"wp-block-getwid-accordion__content\">\n<p>Ingresa aqu\u00ed para conocer los requisitos de tu beneficio de entrega y recambio.<\/p>\n\n\n\n<figure class=\"wp-block-image size-full\"><img decoding=\"async\" width=\"128\" height=\"128\" src=\"https:\/\/portalceibal.boronstudio.com\/wp-content\/uploads\/2023\/11\/test-4.png\" alt=\"test-4\" class=\"wp-image-858\"\/><\/figure>\n<\/div><\/div>\n\n\n\n<div class=\"wp-block-getwid-accordion__header-wrapper\"><span class=\"wp-block-getwid-accordion__header\"><a href=\"#\"><span class=\"wp-block-getwid-accordion__header-title\"><a href=\"https:\/\/ceibal.edu.uy\/institucional\/articulos\/la-plataforma-sea-se-actualiza\/\">La plataforma SEA se actualiza<\/a><\/span><span class=\"wp-block-getwid-accordion__icon is-active\"><i class=\"fas fa-plus\"><\/i><\/span><span class=\"wp-block-getwid-accordion__icon is-passive\"><i class=\"fas fa-minus\"><\/i><\/span><\/a><\/span><\/div><div class=\"wp-block-getwid-accordion__content-wrapper\"><div class=\"wp-block-getwid-accordion__content\">\n<p>\u00a0La versi\u00f3n 2.0 de SEA estar\u00e1 disponible a partir del 9 de octubre. Contar\u00e1 con una interfaz renovada y las personas usuarias podr\u00e1n ingresar mediante sus credenciales de Ceibal (en caso de no contar con usuario Ceibal, es posible seguir utilizando el usuario SEA). La nueva interfaz busca ser mucho m\u00e1s amigable que la anterior<\/p>\n<\/div><\/div>\n\n\n\n<div class=\"wp-block-getwid-accordion__header-wrapper\"><span class=\"wp-block-getwid-accordion__header\"><a href=\"#\"><span class=\"wp-block-getwid-accordion__header-title\">Element #3<\/span><span class=\"wp-block-getwid-accordion__icon is-active\"><i class=\"fas fa-plus\"><\/i><\/span><span class=\"wp-block-getwid-accordion__icon is-passive\"><i class=\"fas fa-minus\"><\/i><\/span><\/a><\/span><\/div><div class=\"wp-block-getwid-accordion__content-wrapper\"><div class=\"wp-block-getwid-accordion__content\">\n<p><\/p>\n<\/div><\/div>\n<\/div>\n","protected":false},"excerpt":{"rendered":"","protected":false},"author":1,"featured_media":0,"parent":0,"menu_order":0,"comment_status":"closed","ping_status":"closed","template":"","meta":[],"custom_filters_category":[],"_links":{"self":[{"href":"https:\/\/portalceibal.boronstudio.com\/index.php\/wp-json\/wp\/v2\/pages\/869"}],"collection":[{"href":"https:\/\/portalceibal.boronstudio.com\/index.php\/wp-json\/wp\/v2\/pages"}],"about":[{"href":"https:\/\/portalceibal.boronstudio.com\/index.php\/wp-json\/wp\/v2\/types\/page"}],"author":[{"embeddable":true,"href":"https:\/\/portalceibal.boronstudio.com\/index.php\/wp-json\/wp\/v2\/users\/1"}],"replies":[{"embeddable":true,"href":"https:\/\/portalceibal.boronstudio.com\/index.php\/wp-json\/wp\/v2\/comments?post=869"}],"version-history":[{"count":2,"href":"https:\/\/portalceibal.boronstudio.com\/index.php\/wp-json\/wp\/v2\/pages\/869\/revisions"}],"predecessor-version":[{"id":872,"href":"https:\/\/portalceibal.boronstudio.com\/index.php\/wp-json\/wp\/v2\/pages\/869\/revisions\/872"}],"wp:attachment":[{"href":"https:\/\/portalceibal.boronstudio.com\/index.php\/wp-json\/wp\/v2\/media?parent=869"}],"wp:term":[{"taxonomy":"custom_filters_category","embeddable":true,"href":"https:\/\/portalceibal.boronstudio.com\/index.php\/wp-json\/wp\/v2\/custom_filters_category?post=869"}],"curies":[{"name":"wp","href":"https:\/\/api.w.org\/{rel}","templated":true}]}}